{"id":2,"date":"2022-11-21T17:02:48","date_gmt":"2022-11-21T17:02:48","guid":{"rendered":"http:\/\/192.168.1.50\/wordpress\/?page_id=2"},"modified":"2023-06-19T13:17:51","modified_gmt":"2023-06-19T13:17:51","slug":"pagina-ejemplo","status":"publish","type":"page","link":"http:\/\/aldarias.es\/wordpress\/?page_id=2","title":{"rendered":"Sobre el autor &#8230;"},"content":{"rendered":"\n<p>Mi nombre es Paco Aldarias:<\/p>\n\n\n\n<blockquote class=\"wp-block-quote is-layout-flow wp-block-quote-is-layout-flow\"><p>\u00a1Bienvenido! Soy entrenador de sue\u00f1os de d\u00eda, aspirante de ensue\u00f1os de noche y esta es mi web. Vivo en Valencia, tengo un ordenador de mascota y me gusta la creatividad. (Y las tardes largas con caf\u00e9 con los amigos).<\/p><p> \u00a1P\u00e1salo bien!<\/p><\/blockquote>\n","protected":false},"excerpt":{"rendered":"<p>Mi nombre es Paco Aldarias: \u00a1Bienvenido! Soy entrenador de sue\u00f1os de d\u00eda, aspirante de ensue\u00f1os de noche y esta es mi web. Vivo en Valencia, tengo un ordenador de mascota y me gusta la creatividad. (Y las tardes largas con &hellip; <a href=\"http:\/\/aldarias.es\/wordpress\/?page_id=2\">Sigue leyendo <span class=\"meta-nav\">&rarr;<\/span><\/a><\/p>\n","protected":false},"author":1,"featured_media":0,"parent":0,"menu_order":0,"comment_status":"closed","ping_status":"open","template":"","meta":{"_seopress_robots_primary_cat":"","_seopress_titles_title":"","_seopress_titles_desc":"","_seopress_robots_index":"","_bbp_topic_count":0,"_bbp_reply_count":0,"_bbp_total_topic_count":0,"_bbp_total_reply_count":0,"_bbp_voice_count":0,"_bbp_anonymous_reply_count":0,"_bbp_topic_count_hidden":0,"_bbp_reply_count_hidden":0,"_bbp_forum_subforum_count":0,"episode_type":"","audio_file":"","podmotor_file_id":"","podmotor_episode_id":"","cover_image":"","cover_image_id":"","duration":"","filesize":"","filesize_raw":"","date_recorded":"","explicit":"","block":"","itunes_episode_number":"","itunes_title":"","itunes_season_number":"","itunes_episode_type":"","footnotes":""},"class_list":["post-2","page","type-page","status-publish","hentry"],"_links":{"self":[{"href":"http:\/\/aldarias.es\/wordpress\/index.php?rest_route=\/wp\/v2\/pages\/2","targetHints":{"allow":["GET"]}}],"collection":[{"href":"http:\/\/aldarias.es\/wordpress\/index.php?rest_route=\/wp\/v2\/pages"}],"about":[{"href":"http:\/\/aldarias.es\/wordpress\/index.php?rest_route=\/wp\/v2\/types\/page"}],"author":[{"embeddable":true,"href":"http:\/\/aldarias.es\/wordpress\/index.php?rest_route=\/wp\/v2\/users\/1"}],"replies":[{"embeddable":true,"href":"http:\/\/aldarias.es\/wordpress\/index.php?rest_route=%2Fwp%2Fv2%2Fcomments&post=2"}],"version-history":[{"count":5,"href":"http:\/\/aldarias.es\/wordpress\/index.php?rest_route=\/wp\/v2\/pages\/2\/revisions"}],"predecessor-version":[{"id":351,"href":"http:\/\/aldarias.es\/wordpress\/index.php?rest_route=\/wp\/v2\/pages\/2\/revisions\/351"}],"wp:attachment":[{"href":"http:\/\/aldarias.es\/wordpress\/index.php?rest_route=%2Fwp%2Fv2%2Fmedia&parent=2"}],"curies":[{"name":"wp","href":"https:\/\/api.w.org\/{rel}","templated":true}]}}